{"id":11442,"date":"2022-11-28T10:24:23","date_gmt":"2022-11-28T09:24:23","guid":{"rendered":"https:\/\/merks.si\/?post_type=product&#038;p=11442"},"modified":"2025-12-04T14:42:32","modified_gmt":"2025-12-04T13:42:32","slug":"rolly-toys-john-deere-6210r-z-nakladacem-vozilo-za-otroke","status":"publish","type":"product","link":"https:\/\/merks.si\/en\/izdelek\/rolly-toys-john-deere-6210r-z-nakladacem-vozilo-za-otroke\/","title":{"rendered":"Rolly Toys John Deere 6210R z naklada\u010dem, vozilo za otroke"},"content":{"rendered":"<p>Dimenzije 1420 x\u00a0 810 x <span style=\"font-size: 16px; font-style: normal; font-weight: 400;\">530<\/span><\/p>\n<p>Te\u017ea: 12,8 kg<\/p>\n<p>Primeren za otroke starej\u0161e od 3. let.<\/p>\n<p>Sede\u017e nastavljiv po dol\u017eini; pokrov motorja se lahko odpre.<\/p>\n","protected":false},"excerpt":{"rendered":"<p>Dimenzije 1420 x\u00a0 810 x 530 Te\u017ea: 12,8 kg Primeren za otroke starej\u0161e od 3. let. Sede\u017e nastavljiv po dol\u017eini; pokrov motorja se lahko odpre.<\/p>\n","protected":false},"featured_media":11443,"template":"","meta":{"rank_math_lock_modified_date":false},"product_cat":[228],"product_tag":[],"class_list":{"0":"post-11442","1":"product","2":"type-product","3":"status-publish","4":"has-post-thumbnail","6":"product_cat-igrace","8":"first","9":"instock","10":"taxable","11":"shipping-taxable","12":"purchasable","13":"product-type-simple"},"jetpack_sharing_enabled":true,"_links":{"self":[{"href":"https:\/\/merks.si\/en\/wp-json\/wp\/v2\/product\/11442","targetHints":{"allow":["GET"]}}],"collection":[{"href":"https:\/\/merks.si\/en\/wp-json\/wp\/v2\/product"}],"about":[{"href":"https:\/\/merks.si\/en\/wp-json\/wp\/v2\/types\/product"}],"version-history":[{"count":1,"href":"https:\/\/merks.si\/en\/wp-json\/wp\/v2\/product\/11442\/revisions"}],"predecessor-version":[{"id":11446,"href":"https:\/\/merks.si\/en\/wp-json\/wp\/v2\/product\/11442\/revisions\/11446"}],"wp:featuredmedia":[{"embeddable":true,"href":"https:\/\/merks.si\/en\/wp-json\/wp\/v2\/media\/11443"}],"wp:attachment":[{"href":"https:\/\/merks.si\/en\/wp-json\/wp\/v2\/media?parent=11442"}],"wp:term":[{"taxonomy":"product_cat","embeddable":true,"href":"https:\/\/merks.si\/en\/wp-json\/wp\/v2\/product_cat?post=11442"},{"taxonomy":"product_tag","embeddable":true,"href":"https:\/\/merks.si\/en\/wp-json\/wp\/v2\/product_tag?post=11442"}],"curies":[{"name":"wp","href":"https:\/\/api.w.org\/{rel}","templated":true}]}}