{"id":11432,"date":"2022-11-28T10:08:39","date_gmt":"2022-11-28T09:08:39","guid":{"rendered":"https:\/\/merks.si\/?post_type=product&#038;p=11432"},"modified":"2024-05-07T12:31:03","modified_gmt":"2024-05-07T10:31:03","slug":"rolly-toys-new-holland-t7-vozilo-za-otroke","status":"publish","type":"product","link":"https:\/\/merks.si\/en\/izdelek\/rolly-toys-new-holland-t7-vozilo-za-otroke\/","title":{"rendered":"Rolly Toys New Holland T7 vozilo za otroke"},"content":{"rendered":"<p>Dimenzije 1060 x\u00a0 530 x 600<\/p>\n<p>Te\u017ea: 9,3 kg<\/p>\n<p>Primeren za otroke starej\u0161e od 3. let.<\/p>\n<p>Sede\u017e nastavljiv po dol\u017eini; pokrov motorja se lahko odpre.<\/p>\n","protected":false},"excerpt":{"rendered":"<p>Dimenzije 1060 x\u00a0 530 x 600 Te\u017ea: 9,3 kg Primeren za otroke starej\u0161e od 3. let. Sede\u017e nastavljiv po dol\u017eini; pokrov motorja se lahko odpre.<\/p>\n","protected":false},"featured_media":11433,"template":"","meta":{"rank_math_lock_modified_date":false},"product_cat":[228],"product_tag":[],"class_list":{"0":"post-11432","1":"product","2":"type-product","3":"status-publish","4":"has-post-thumbnail","6":"product_cat-igrace","8":"first","9":"onbackorder","10":"taxable","11":"shipping-taxable","12":"purchasable","13":"product-type-simple"},"jetpack_sharing_enabled":true,"_links":{"self":[{"href":"https:\/\/merks.si\/en\/wp-json\/wp\/v2\/product\/11432","targetHints":{"allow":["GET"]}}],"collection":[{"href":"https:\/\/merks.si\/en\/wp-json\/wp\/v2\/product"}],"about":[{"href":"https:\/\/merks.si\/en\/wp-json\/wp\/v2\/types\/product"}],"version-history":[{"count":1,"href":"https:\/\/merks.si\/en\/wp-json\/wp\/v2\/product\/11432\/revisions"}],"predecessor-version":[{"id":11436,"href":"https:\/\/merks.si\/en\/wp-json\/wp\/v2\/product\/11432\/revisions\/11436"}],"wp:featuredmedia":[{"embeddable":true,"href":"https:\/\/merks.si\/en\/wp-json\/wp\/v2\/media\/11433"}],"wp:attachment":[{"href":"https:\/\/merks.si\/en\/wp-json\/wp\/v2\/media?parent=11432"}],"wp:term":[{"taxonomy":"product_cat","embeddable":true,"href":"https:\/\/merks.si\/en\/wp-json\/wp\/v2\/product_cat?post=11432"},{"taxonomy":"product_tag","embeddable":true,"href":"https:\/\/merks.si\/en\/wp-json\/wp\/v2\/product_tag?post=11432"}],"curies":[{"name":"wp","href":"https:\/\/api.w.org\/{rel}","templated":true}]}}