{"id":5852,"date":"2021-04-12T12:17:51","date_gmt":"2021-04-12T12:17:51","guid":{"rendered":"https:\/\/merks.si\/spletni-piskotki\/"},"modified":"2021-08-04T09:59:48","modified_gmt":"2021-08-04T07:59:48","slug":"spletni-piskotki","status":"publish","type":"page","link":"https:\/\/merks.si\/en\/spletni-piskotki\/","title":{"rendered":"Spletni pi\u0161kotki"},"content":{"rendered":"\t\t<div data-elementor-type=\"wp-page\" data-elementor-id=\"5852\" class=\"elementor elementor-5852 elementor-1058\" data-elementor-post-type=\"page\">\n\t\t\t\t\t\t<section class=\"has_eae_slider elementor-section elementor-top-section elementor-element elementor-element-ea495a4 elementor-section-boxed elementor-section-height-default elementor-section-height-default\" data-id=\"ea495a4\" data-element_type=\"section\" data-settings=\"{&quot;jet_parallax_layout_list&quot;:[{&quot;jet_parallax_layout_image&quot;:{&quot;url&quot;:&quot;&quot;,&quot;id&quot;:&quot;&quot;,&quot;size&quot;:&quot;&quot;},&quot;_id&quot;:&quot;824728e&quot;,&quot;jet_parallax_layout_image_tablet&quot;:{&quot;url&quot;:&quot;&quot;,&quot;id&quot;:&quot;&quot;,&quot;size&quot;:&quot;&quot;},&quot;jet_parallax_layout_image_mobile&quot;:{&quot;url&quot;:&quot;&quot;,&quot;id&quot;:&quot;&quot;,&quot;size&quot;:&quot;&quot;},&quot;jet_parallax_layout_speed&quot;:{&quot;unit&quot;:&quot;%&quot;,&quot;size&quot;:50,&quot;sizes&quot;:[]},&quot;jet_parallax_layout_type&quot;:&quot;scroll&quot;,&quot;jet_parallax_layout_direction&quot;:null,&quot;jet_parallax_layout_fx_direction&quot;:null,&quot;jet_parallax_layout_z_index&quot;:&quot;&quot;,&quot;jet_parallax_layout_bg_x&quot;:50,&quot;jet_parallax_layout_bg_x_tablet&quot;:&quot;&quot;,&quot;jet_parallax_layout_bg_x_mobile&quot;:&quot;&quot;,&quot;jet_parallax_layout_bg_y&quot;:50,&quot;jet_parallax_layout_bg_y_tablet&quot;:&quot;&quot;,&quot;jet_parallax_layout_bg_y_mobile&quot;:&quot;&quot;,&quot;jet_parallax_layout_bg_size&quot;:&quot;auto&quot;,&quot;jet_parallax_layout_bg_size_tablet&quot;:&quot;&quot;,&quot;jet_parallax_layout_bg_size_mobile&quot;:&quot;&quot;,&quot;jet_parallax_layout_animation_prop&quot;:&quot;transform&quot;,&quot;jet_parallax_layout_on&quot;:[&quot;desktop&quot;,&quot;tablet&quot;]}]}\">\n\t\t\t\t\t\t<div class=\"elementor-container elementor-column-gap-default\">\n\t\t\t\t\t<div class=\"has_eae_slider elementor-column elementor-col-100 elementor-top-column elementor-element elementor-element-eeb6f70\" data-id=\"eeb6f70\" data-element_type=\"column\">\n\t\t\t<div class=\"elementor-widget-wrap elementor-element-populated\">\n\t\t\t\t\t\t<div class=\"elementor-element elementor-element-cc00ade elementor-widget elementor-widget-heading\" data-id=\"cc00ade\" data-element_type=\"widget\" data-widget_type=\"heading.default\">\n\t\t\t\t<div class=\"elementor-widget-container\">\n\t\t\t<h2 class=\"elementor-heading-title elementor-size-default\">Spletni pi\u0161kotki<\/h2>\t\t<\/div>\n\t\t\t\t<\/div>\n\t\t\t\t<div class=\"elementor-element elementor-element-b3b0079 elementor-widget elementor-widget-text-editor\" data-id=\"b3b0079\" data-element_type=\"widget\" data-widget_type=\"text-editor.default\">\n\t\t\t\t<div class=\"elementor-widget-container\">\n\t\t\t\t\t\t\t<p>Pi\u0161kotki so majhne tekstovne datoteke, ki se shranijo na va\u0161 ra\u010dunalnik ob obisku na\u0161ega spletnega mesta in ne \u0161kodijo va\u0161i strojni ali programski opremi. Njihovo shranjevanje je pod popolnim nadzorom brskalnika, ki ga ima uporabnik \u2013 ta lahko shranjevanje pi\u0161kotkov po \u017eelji omeji ali onemogo\u010di.<\/p><p>Pi\u0161kotki niso \u0161kodljivi in so vedno \u010dasovno omejeni.<\/p><p>Uporabo pi\u0161kotkov v Evropski uniji (EU) dolo\u010da Direktiva o zasebnosti in elektronskih komunikacijah 2002\/58\/ES, katere \u010dlen, ki se nana\u0161a na pi\u0161kotke in podobne tehnologije, je bil spremenjen z Direktivo 136\/2009.<\/p><p>V slovenski zakonodaji uporabo pi\u0161kotkov dolo\u010da Zakon o elektronskih komunikacijah oziroma ZEKom-1 (Uradni list \u0161t. 109\/2012), katerega 157. \u010dlen predstavlja pravno osnovo za skrb za zasebnost uporabnikov spleta.<\/p><p>Spletna stran www.merks.si za delovanje strani uporablja pi\u0161kotke, ki ne hranijo osebnih podatkov, spremljajo pa aktivnosti obiskovalcev in zanimanje z namenom zagotavljanja bolj\u0161e uporabni\u0161ke izku\u0161nje. Z uporabo spletne strani obiskovalci sogla\u0161ajo z njihovo uporabo.<\/p><p>Zakaj so pi\u0161kotki potrebni?<\/p><p>So temeljnega pomena za zagotavljanje uporabniku prijaznih spletnih storitev. Interakcija med spletnim uporabnikom in spletnim mestom je s pomo\u010djo pi\u0161kotkov hitrej\u0161a in preprostej\u0161a. Z njihovo pomo\u010djo si spletno mesto zapomni posameznikove preference in izku\u0161nje, s tem je prihranjen \u010das, brskanje po spletnih mestih pa bolj u\u010dinkovito in prijazno.<\/p><p>Podjetje vsakemu uporabniku ob za\u010detku vsakokratne uporabe spletne trgovine dodeli pi\u0161kotek za identifikacijo, spremljanje nakupovalne ko\u0161arice in zagotavljanje sledljivosti, ki se v pomnilniku stre\u017enika shranjuje le za \u010das trajanja obiska spletne trgovine in se izbri\u0161e po eni uri neaktivnosti. Podjetje lahko na osebni ra\u010dunalnik uporabnika shrani tudi nekatere trajne pi\u0161kotke, kot npr. identifikacijska \u0161tevilka uporabnika v \u0161ifrirani obliki za prepoznavanje ob naslednjem obisku spletne trgovine ali ocene artiklov, s pomo\u010djo katerega uporabnik ve, katere artikle je \u017ee ocenil, posredno pa tudi pi\u0161kotke zunanje storitve Google Analytics, ki slu\u017eijo analizi obiskov spletnega mesta. Podjetje lahko te podatke v anonimizirani sumarni obliki uporabi za namene statisti\u010dnih analiz. Za potrebe zagotavljanja spletne varnosti podjetje zbira tudi IP naslove, iz katerih uporabniki dostopajo do spletne trgovine.<\/p><p>Onemogo\u010danje pi\u0161kotkov<\/p><p>Vi odlo\u010dite, ali boste dovolili shranjevanje pi\u0161kotkov na va\u0161i napravi. Nastavitve za pi\u0161kotke lahko nadzirate in spreminjate v va\u0161em spletnem brskalniku.<\/p><p>Za informacije o nastavitvah za pi\u0161kotke izberite spletni brskalnik, ki ga uporabljate:<\/p><p><a href=\"https:\/\/support.google.com\/chrome\/answer\/95647?hl=sl-sl&amp;p=cpn_cookies\" target=\"_blank\" rel=\"noopener\">Chrome<\/a><\/p><p><a href=\"https:\/\/support.mozilla.org\/sl\/kb\/izboljsana-zascita-pred-sledenjem?redirectslug=kako-omogocite-onemogocite-piskotke&amp;redirectlocale=sl\" target=\"_blank\" rel=\"noopener\">Firefox<\/a><\/p><p><a href=\"https:\/\/help.opera.com\/en\/latest\/\" target=\"_blank\" rel=\"noopener\">Opera<\/a><\/p><p><a href=\"https:\/\/support.microsoft.com\/sl-si\/windows\/brisanje-in-upravljanje-pi%C5%A1kotkov-168dab11-0753-043d-7c16-ede5947fc64d\" target=\"_blank\" rel=\"noopener\">Internet Explorer 9<\/a><\/p><p><a href=\"https:\/\/support.microsoft.com\/sl-si\/windows\/brisanje-in-upravljanje-pi%C5%A1kotkov-168dab11-0753-043d-7c16-ede5947fc64d\" target=\"_blank\" rel=\"noopener\">Internet Explorer 7 in 8<\/a><\/p><p><a href=\"https:\/\/support.apple.com\/sl-si\/guide\/safari\/sfri11471\/mac\" target=\"_blank\" rel=\"noopener\">Safari<\/a><\/p><p>\u010ce spremenite, ali izbri\u0161ete brskalnikovo datoteko s pi\u0161kotki, spremenite ali nadgradite va\u0161 brskalnik ali napravo, boste morda morali ponovno onemogo\u010diti pi\u0161kotke. Postopek za upravljanje in brisanje pi\u0161kotkov se razlikuje od brskalnika do brskalnika. \u010ce pri tem potrebujete pomo\u010d, lahko pogledate v brskalnikovi pomo\u010di uporabnikom.<\/p><p>Odveza odgovornosti<\/p><p>Ponudnik se po svojih najbolj\u0161ih mo\u010deh trudi zagotoviti a\u017eurnost in pravilnost podatkov, ki so objavljeni na njegovih straneh in trgovini. Kljub temu pa se lahko lastnosti artiklov, rok dobave ali cena spremenijo tako hitro, da ponudnik ne uspe popraviti podatkov na spletnih straneh. V takem primeru, bo ponudnik kupca obvestil o spremembah in mu omogo\u010dil odstop od naro\u010dila ali zamenjavo naro\u010denega artikla.<\/p><p>Podjetje MERKS d.o.o. ni odgovorno za morebitno neto\u010dnost informacij in tudi ne za morebitno \u0161kodo, nastalo zaradi uporabe neto\u010dnih ali nepopolnih informacij prav tako pa tudi ne za primere, da dostop in uporaba informacij na teh spletnih straneh ni mogo\u010da.<\/p><p>\u010ceprav se ponudnik trudi zagotoviti natan\u010dne fotografije prodajnih artiklov, je potrebno vse fotografije jemati kot simboli\u010dne. Fotografije ne zagotavljajo lastnosti izdelka. Prepovedano je kopiranje besedila in slik brez predhodnega pisnega dovoljenja podjetja MERKS d.o.o.<\/p><p>Katere pi\u0161kotke uporabljamo?<\/p><p>Merks.si uporablja naslednje pi\u0161kotke:<\/p><table><tbody><tr><td>Izdajatelj<\/td><td>Oznaka<\/td><td>Veljavnost<\/td><td>Namen<\/td><\/tr><tr><td>Google Analytics<\/td><td>_utma<\/td><td>730 dni<\/td><td>Statistika ogledov spletne strani<\/td><\/tr><tr><td>Google Analytics<\/td><td>_utma<\/td><td>30 min<\/td><td>Statistika ogledov spletne strani<\/td><\/tr><tr><td>Google Analytics<\/td><td>_utma<\/td><td>do zaprtja brskalnika<\/td><td>Statistika ogledov spletne strani<\/td><\/tr><tr><td>Google Analytics<\/td><td>_utma<\/td><td>182 dni<\/td><td><table><tbody><tr><td>Statistika ogledov spletne strani<\/td><\/tr><\/tbody><\/table><\/td><\/tr><\/tbody><\/table><p>Spletna stran uporablja sistemski pi\u0161kotek, ki je potreben za za\u0161\u010dito spletne strani:<\/p><table cellspacing=\"0\" cellpadding=\"0\"><tbody><tr><td valign=\"middle\"><span style=\"color: #000000; font-size: medium;\">NAZIV PI\u0160KOTKA<\/span><\/td><td valign=\"middle\"><span style=\"color: #000000; font-size: medium;\">VSEBINA<\/span><\/td><td valign=\"middle\"><span style=\"color: #000000; font-size: medium;\">\u010cAS PI\u0160KOTKA<\/span><\/td><td valign=\"middle\"><span style=\"color: #000000; font-size: medium;\">IZDAJATELJ<\/span><\/td><\/tr><tr><td valign=\"middle\"><span style=\"color: #000000; font-size: medium;\">PH_HPXY_CHECK<\/span><\/td><td valign=\"middle\"><span style=\"color: #000000; font-size: medium;\">PI\u0160KOTEK UPORABLJA VARNOSTNI SISTEM ZA PREPRE\u010cEVANJE BRUTE FOCE NAPADOV IN NE OMOGO\u010cA IDENTIFIKACIJE POSAMEZNEGA UPORABNIKA.<\/span><\/td><td valign=\"middle\"><span style=\"color: #000000; font-size: medium;\">Do zaprtja seje<\/span><\/td><td valign=\"middle\"><span style=\"color: #000000; font-size: medium;\">merks.si<\/span><\/td><\/tr><tr><td valign=\"middle\"><span style=\"color: #000000; font-size: medium;\">moove_gdpr_popup<\/span><\/td><td valign=\"middle\"><span style=\"color: #000000; font-size: medium;\">NASTAVITEV VALUTE<\/span><\/td><td valign=\"middle\"><span style=\"color: #000000; font-size: medium;\">365 dni<\/span><\/td><td valign=\"middle\"><span style=\"color: #000000; font-size: medium;\">merks.si<\/span><\/td><\/tr><tr><td valign=\"middle\"><span style=\"color: #000000; font-size: medium;\">wp-wpml_current_language<\/span><\/td><td valign=\"middle\"><span style=\"color: #000000; font-size: medium;\">NASTAVITEV JEZIKA<\/span><\/td><td valign=\"middle\"><span style=\"color: #000000; font-size: medium;\">Do zaprtja seje<\/span><\/td><td valign=\"middle\"><span style=\"color: #000000; font-size: medium;\">merks.si<\/span><\/td><\/tr><\/tbody><\/table>\t\t\t\t\t\t<\/div>\n\t\t\t\t<\/div>\n\t\t\t\t\t<\/div>\n\t\t<\/div>\n\t\t\t\t\t<\/div>\n\t\t<\/section>\n\t\t\t\t<\/div>\n\t\t","protected":false},"excerpt":{"rendered":"<p>Spletni pi\u0161kotki Pi\u0161kotki so majhne tekstovne datoteke, ki se shranijo na va\u0161 ra\u010dunalnik ob obisku na\u0161ega spletnega mesta in ne \u0161kodijo va\u0161i strojni ali programski opremi. Njihovo shranjevanje je pod popolnim nadzorom brskalnika, ki ga ima uporabnik \u2013 ta lahko shranjevanje pi\u0161kotkov po \u017eelji omeji ali onemogo\u010di. Pi\u0161kotki niso \u0161kodljivi in so vedno \u010dasovno omejeni. &hellip;<\/p>\n<p class=\"read-more\"> <a class=\"\" href=\"https:\/\/merks.si\/en\/spletni-piskotki\/\"> <span class=\"screen-reader-text\">Spletni pi\u0161kotki<\/span> Read More &raquo;<\/a><\/p>\n","protected":false},"author":1,"featured_media":0,"parent":0,"menu_order":0,"comment_status":"closed","ping_status":"closed","template":"elementor_header_footer","meta":{"rank_math_lock_modified_date":false,"footnotes":""},"categories":[],"tags":[],"class_list":["post-5852","page","type-page","status-publish","hentry"],"jetpack_sharing_enabled":true,"_links":{"self":[{"href":"https:\/\/merks.si\/en\/wp-json\/wp\/v2\/pages\/5852","targetHints":{"allow":["GET"]}}],"collection":[{"href":"https:\/\/merks.si\/en\/wp-json\/wp\/v2\/pages"}],"about":[{"href":"https:\/\/merks.si\/en\/wp-json\/wp\/v2\/types\/page"}],"author":[{"embeddable":true,"href":"https:\/\/merks.si\/en\/wp-json\/wp\/v2\/users\/1"}],"replies":[{"embeddable":true,"href":"https:\/\/merks.si\/en\/wp-json\/wp\/v2\/comments?post=5852"}],"version-history":[{"count":3,"href":"https:\/\/merks.si\/en\/wp-json\/wp\/v2\/pages\/5852\/revisions"}],"predecessor-version":[{"id":6978,"href":"https:\/\/merks.si\/en\/wp-json\/wp\/v2\/pages\/5852\/revisions\/6978"}],"wp:attachment":[{"href":"https:\/\/merks.si\/en\/wp-json\/wp\/v2\/media?parent=5852"}],"wp:term":[{"taxonomy":"category","embeddable":true,"href":"https:\/\/merks.si\/en\/wp-json\/wp\/v2\/categories?post=5852"},{"taxonomy":"post_tag","embeddable":true,"href":"https:\/\/merks.si\/en\/wp-json\/wp\/v2\/tags?post=5852"}],"curies":[{"name":"wp","href":"https:\/\/api.w.org\/{rel}","templated":true}]}}