{"id":6470,"date":"2021-07-23T14:37:47","date_gmt":"2021-07-23T12:37:47","guid":{"rendered":"https:\/\/merks.si\/product\/mg-montirka-do-56\/"},"modified":"2021-08-05T11:08:24","modified_gmt":"2021-08-05T09:08:24","slug":"mg-reifenmontiermaschine-bis-zu-56","status":"publish","type":"product","link":"https:\/\/merks.si\/de\/produkt\/mg-reifenmontiermaschine-bis-zu-56\/","title":{"rendered":"MG Reifenmontiermaschine bis zu 56&#8243;"},"content":{"rendered":"<p>Max. Raddurchmesser: 2500 mm<br \/>\nFelgendurchmesser: 14&#8243; &#8211; 56&#8243;<br \/>\nMax. Radbreite: 1200 mm<br \/>\nMax. Radgewicht: 2000 kg<br \/>\nHydraulikpumpenmotor: 2.4 kw<br \/>\nStromversorgung: 380 V,400 V<br \/>\n\u00dcbertragungsleistung: 2.4\/3.0 kw<br \/>\nBetriebslautst\u00e4rke: &lt;75 dB<br \/>\nBetriebssteuerspannung: 24 V<br \/>\nGr\u00f6\u00dfe mit Verpackung: 2130 \u00d7 1930 \u00d7 1050 mm<br \/>\nReingewicht: 1145 kg<\/p>\n","protected":false},"excerpt":{"rendered":"<p>Automatische LKW-Reifenmontiermaschine<\/p>\n","protected":false},"featured_media":6471,"template":"","meta":{"rank_math_lock_modified_date":false},"product_cat":[279],"product_tag":[],"class_list":{"0":"post-6470","1":"product","2":"type-product","3":"status-publish","4":"has-post-thumbnail","6":"product_cat-reifenmontiermaschinen","8":"first","9":"instock","10":"taxable","11":"shipping-taxable","12":"product-type-external"},"jetpack_sharing_enabled":true,"_links":{"self":[{"href":"https:\/\/merks.si\/de\/wp-json\/wp\/v2\/product\/6470","targetHints":{"allow":["GET"]}}],"collection":[{"href":"https:\/\/merks.si\/de\/wp-json\/wp\/v2\/product"}],"about":[{"href":"https:\/\/merks.si\/de\/wp-json\/wp\/v2\/types\/product"}],"version-history":[{"count":4,"href":"https:\/\/merks.si\/de\/wp-json\/wp\/v2\/product\/6470\/revisions"}],"predecessor-version":[{"id":6731,"href":"https:\/\/merks.si\/de\/wp-json\/wp\/v2\/product\/6470\/revisions\/6731"}],"wp:featuredmedia":[{"embeddable":true,"href":"https:\/\/merks.si\/de\/wp-json\/wp\/v2\/media\/6471"}],"wp:attachment":[{"href":"https:\/\/merks.si\/de\/wp-json\/wp\/v2\/media?parent=6470"}],"wp:term":[{"taxonomy":"product_cat","embeddable":true,"href":"https:\/\/merks.si\/de\/wp-json\/wp\/v2\/product_cat?post=6470"},{"taxonomy":"product_tag","embeddable":true,"href":"https:\/\/merks.si\/de\/wp-json\/wp\/v2\/product_tag?post=6470"}],"curies":[{"name":"wp","href":"https:\/\/api.w.org\/{rel}","templated":true}]}}