{"id":6459,"date":"2021-07-23T14:12:44","date_gmt":"2021-07-23T12:12:44","guid":{"rendered":"https:\/\/merks.si\/product\/mg-vozicek-z-orodjem\/"},"modified":"2021-08-05T11:44:46","modified_gmt":"2021-08-05T09:44:46","slug":"mg-werkzeugwagen","status":"publish","type":"product","link":"https:\/\/merks.si\/de\/produkt\/mg-werkzeugwagen\/","title":{"rendered":"MG Werkzeugwagen"},"content":{"rendered":"<p>Sieben Universalschubladen, davon 6 voll, erleichtern Ihnen das Verstauen von Werkzeug und Zubeh\u00f6r. Der Kinderwagen verf\u00fcgt \u00fcber installierte R\u00e4der, mit denen er sich im Raum bewegen kann, und an den beiden vorderen R\u00e4dern sind Bremsen installiert. Die maximale Belastung der Schublade betr\u00e4gt 40 kg, mit deren Hilfe Sie viel Werkzeug und Zubeh\u00f6r im Schrank verstauen k\u00f6nnen. Um den Bedienkomfort zu erh\u00f6hen, ist jede Schublade gegen automatisches \u00d6ffnen gesichert. Die Arbeitsplatte ist gummiert und die darauf montierten Werkzeuge bewegen sich beim Transport nicht. Der Kinderwagen kann auch abgeschlossen werden.<\/p>\n","protected":false},"excerpt":{"rendered":"<p>MG Tools Werkstattwagen mit 260 Werkzeugen.<\/p>\n","protected":false},"featured_media":5739,"template":"","meta":{"rank_math_lock_modified_date":false},"product_cat":[277],"product_tag":[],"class_list":{"0":"post-6459","1":"product","2":"type-product","3":"status-publish","4":"has-post-thumbnail","6":"product_cat-werkzeugwagen","8":"first","9":"instock","10":"taxable","11":"shipping-taxable","12":"product-type-external"},"jetpack_sharing_enabled":true,"_links":{"self":[{"href":"https:\/\/merks.si\/de\/wp-json\/wp\/v2\/product\/6459","targetHints":{"allow":["GET"]}}],"collection":[{"href":"https:\/\/merks.si\/de\/wp-json\/wp\/v2\/product"}],"about":[{"href":"https:\/\/merks.si\/de\/wp-json\/wp\/v2\/types\/product"}],"version-history":[{"count":2,"href":"https:\/\/merks.si\/de\/wp-json\/wp\/v2\/product\/6459\/revisions"}],"predecessor-version":[{"id":6700,"href":"https:\/\/merks.si\/de\/wp-json\/wp\/v2\/product\/6459\/revisions\/6700"}],"wp:featuredmedia":[{"embeddable":true,"href":"https:\/\/merks.si\/de\/wp-json\/wp\/v2\/media\/5739"}],"wp:attachment":[{"href":"https:\/\/merks.si\/de\/wp-json\/wp\/v2\/media?parent=6459"}],"wp:term":[{"taxonomy":"product_cat","embeddable":true,"href":"https:\/\/merks.si\/de\/wp-json\/wp\/v2\/product_cat?post=6459"},{"taxonomy":"product_tag","embeddable":true,"href":"https:\/\/merks.si\/de\/wp-json\/wp\/v2\/product_tag?post=6459"}],"curies":[{"name":"wp","href":"https:\/\/api.w.org\/{rel}","templated":true}]}}