{"id":6403,"date":"2021-07-19T14:14:37","date_gmt":"2021-07-19T12:14:37","guid":{"rendered":"https:\/\/merks.si\/product\/olje-john-deere-plus-50-ii-15w-40\/"},"modified":"2021-08-03T09:26:10","modified_gmt":"2021-08-03T07:26:10","slug":"oel-john-deere-plus-50-ii-15w-40","status":"publish","type":"product","link":"https:\/\/merks.si\/de\/produkt\/oel-john-deere-plus-50-ii-15w-40\/","title":{"rendered":"\u00d6l John Deere PLUS-50 II 15W-40"},"content":{"rendered":"","protected":false},"excerpt":{"rendered":"<p>Speziell f\u00fcr John Deere Maschinen entwickeltes Motor\u00f6l. Geeignet f\u00fcr Fahrzeuge mit Partikelfilter.<\/p>\n","protected":false},"featured_media":6404,"template":"","meta":{"rank_math_lock_modified_date":false},"product_cat":[285],"product_tag":[],"class_list":{"0":"post-6403","1":"product","2":"type-product","3":"status-publish","4":"has-post-thumbnail","6":"product_cat-schmiermittel-oele-und-kuehlmittel","8":"first","9":"instock","10":"taxable","11":"shipping-taxable","12":"purchasable","13":"product-type-variable"},"jetpack_sharing_enabled":true,"_links":{"self":[{"href":"https:\/\/merks.si\/de\/wp-json\/wp\/v2\/product\/6403","targetHints":{"allow":["GET"]}}],"collection":[{"href":"https:\/\/merks.si\/de\/wp-json\/wp\/v2\/product"}],"about":[{"href":"https:\/\/merks.si\/de\/wp-json\/wp\/v2\/types\/product"}],"version-history":[{"count":1,"href":"https:\/\/merks.si\/de\/wp-json\/wp\/v2\/product\/6403\/revisions"}],"predecessor-version":[{"id":6691,"href":"https:\/\/merks.si\/de\/wp-json\/wp\/v2\/product\/6403\/revisions\/6691"}],"wp:featuredmedia":[{"embeddable":true,"href":"https:\/\/merks.si\/de\/wp-json\/wp\/v2\/media\/6404"}],"wp:attachment":[{"href":"https:\/\/merks.si\/de\/wp-json\/wp\/v2\/media?parent=6403"}],"wp:term":[{"taxonomy":"product_cat","embeddable":true,"href":"https:\/\/merks.si\/de\/wp-json\/wp\/v2\/product_cat?post=6403"},{"taxonomy":"product_tag","embeddable":true,"href":"https:\/\/merks.si\/de\/wp-json\/wp\/v2\/product_tag?post=6403"}],"curies":[{"name":"wp","href":"https:\/\/api.w.org\/{rel}","templated":true}]}}